{"id":110,"date":"2021-02-10T19:50:59","date_gmt":"2021-02-10T19:50:59","guid":{"rendered":"http:\/\/imkerei-kuehne.de\/?page_id=110"},"modified":"2024-01-25T08:01:06","modified_gmt":"2024-01-25T08:01:06","slug":"bezugsmoeglichkeiten","status":"publish","type":"page","link":"http:\/\/imkerei-kuehne.de\/?page_id=110","title":{"rendered":"Bezugsm\u00f6glichkeiten"},"content":{"rendered":"\t\t<div data-elementor-type=\"wp-page\" data-elementor-id=\"110\" class=\"elementor elementor-110\">\n\t\t\t\t\t\t<section class=\"elementor-section elementor-top-section elementor-element elementor-element-11d6ea08 elementor-section-boxed elementor-section-height-default elementor-section-height-default\" data-id=\"11d6ea08\" data-element_type=\"section\" data-e-type=\"section\">\n\t\t\t\t\t\t<div class=\"elementor-container elementor-column-gap-default\">\n\t\t\t\t\t<div class=\"elementor-column elementor-col-100 elementor-top-column elementor-element elementor-element-4cfce5c4\" data-id=\"4cfce5c4\" data-element_type=\"column\" data-e-type=\"column\">\n\t\t\t<div class=\"elementor-widget-wrap elementor-element-populated\">\n\t\t\t\t\t\t<div class=\"elementor-element elementor-element-1c2c632a elementor-widget__width-initial elementor-widget elementor-widget-text-editor\" data-id=\"1c2c632a\" data-element_type=\"widget\" data-e-type=\"widget\" data-widget_type=\"text-editor.default\">\n\t\t\t\t<div class=\"elementor-widget-container\">\n\t\t\t\t\t\t\t\t\t<p><\/p>\n<p>Unseren Honig bekommt ihr an folgenden Standorten:<\/p>\n<p><\/p>\n<p><\/p>\n<p><strong>SB-Honigregal &#8211; rund um die Uhr:<\/strong><\/p>\n<p><\/p>\n<p><\/p>\n<p><strong>Imkerei K\u00fchne<\/strong>, Hermann-Hesse-Str. 8, 38154 K\u00f6nigslutter am Elm<br \/>Kontaktdaten: 0151\/74128408, E-Mail: info@imkerei-kuehne.de<\/p>\n<p>\u00a0<\/p>\n<p><\/p>\n<p><\/p>\n<p><\/p>\n<p><\/p>\n<p><\/p>\n<p><\/p>\n<p><strong>Im Regiomaten &#8211; rund um die Uhr:<\/strong><\/p>\n<p><\/p>\n<p><\/p>\n<p><strong>Regiomat Hof Hoburg<\/strong>, Eschenallee 1A, 38378 Warberg\u00a0<\/p>\n<p><b>Regiomat Hof Weigel-Grabenhorst<\/b>, K3 2, 38154 K\u00f6nigslutter am Elm, Bornum<\/p>\n<p>\u00a0<\/p>\n<p><b>Im Einzelhandel &#8211; zu den \u00d6ffnungszeiten:<\/b><\/p>\n<p><\/p>\n<p><\/p>\n<p><\/p>\n<p><\/p>\n<p><\/p>\n<p><\/p>\n<p><strong>Sarina&#8217;s B\u00fccher- und Spieleparadies,\u00a0<\/strong><span style=\"color: var( --e-global-color-text ); font-family: var( --e-global-typography-text-font-family ), Sans-serif; font-weight: var( --e-global-typography-text-font-weight );\">Am Markt 17, 38154 K\u00f6nigslutter am Elm,\u00a0<\/span><span style=\"color: var( --e-global-color-text ); font-family: var( --e-global-typography-text-font-family ), Sans-serif; font-weight: var( --e-global-typography-text-font-weight );\">Tel.: 05353\/5264\u00a0<\/span><\/p>\n<p><b>Fleischerei During<\/b>, Sch\u00f6ppenstedter Str. 6, 38154 K\u00f6nigslutter am Elm<\/p>\n<p><b>Fleischerei During<\/b>, Markt 25, 38364 Sch\u00f6ningen<\/p>\n<p><b>Fleischerei During<\/b>, Holzberg 26, 38350 Helmstedt<\/p>\n<p><b>Fleischerei During<\/b>, Hauptstr. 50, 38350 Helmstedt, Emmerstedt<\/p>\n<p><strong>K\u00f6llner&#8217;s Frische &amp; S\u00fc\u00dfe Insel<\/strong>, Poststr. 7, 39393 H\u00f6tensleben<\/p>\n<p>\u00a0<\/p>\n<p><\/p>\n<p><\/p>\n<p><\/p>\n<p><\/p>\n<p><\/p>\n<p><\/p>\n<p><strong>Lieferdienst &#8211; bis an die Haust\u00fcr:<\/strong><\/p>\n<p><\/p>\n<p><\/p>\n<p><strong>Br\u00f6tchenlieferservice &#8222;Die Fr\u00fchaufsteher&#8220;<\/strong> &#8211; von Helmstedt \u00fcber Braunschweig bis Vorsfelde, Kontaktdaten: www.die-fruehaufsteher.de<\/p>\n<p><\/p>\n<p><\/p>\n<p><\/p>\n<p><\/p>\n<p><\/p>\t\t\t\t\t\t\t\t<\/div>\n\t\t\t\t<\/div>\n\t\t\t\t\t<\/div>\n\t\t<\/div>\n\t\t\t\t\t<\/div>\n\t\t<\/section>\n\t\t\t\t<\/div>\n\t\t","protected":false},"excerpt":{"rendered":"<p>Unseren Honig bekommt ihr an folgenden Standorten: SB-Honigregal &#8211; rund um die Uhr: Imkerei K\u00fchne, Hermann-Hesse-Str. 8, 38154 K\u00f6nigslutter am ElmKontaktdaten: 0151\/74128408, E-Mail: info@imkerei-kuehne.de \u00a0 Im Regiomaten &#8211; rund um die Uhr: Regiomat Hof Hoburg, Eschenallee 1A, 38378 Warberg\u00a0 Regiomat Hof Weigel-Grabenhorst, K3 2, 38154 K\u00f6nigslutter am Elm, Bornum \u00a0 Im Einzelhandel &#8211; zu den [&hellip;]<\/p>\n","protected":false},"author":1,"featured_media":0,"parent":0,"menu_order":1,"comment_status":"closed","ping_status":"closed","template":"","meta":{"footnotes":""},"class_list":["post-110","page","type-page","status-publish","hentry"],"_links":{"self":[{"href":"http:\/\/imkerei-kuehne.de\/index.php?rest_route=\/wp\/v2\/pages\/110","targetHints":{"allow":["GET"]}}],"collection":[{"href":"http:\/\/imkerei-kuehne.de\/index.php?rest_route=\/wp\/v2\/pages"}],"about":[{"href":"http:\/\/imkerei-kuehne.de\/index.php?rest_route=\/wp\/v2\/types\/page"}],"author":[{"embeddable":true,"href":"http:\/\/imkerei-kuehne.de\/index.php?rest_route=\/wp\/v2\/users\/1"}],"replies":[{"embeddable":true,"href":"http:\/\/imkerei-kuehne.de\/index.php?rest_route=%2Fwp%2Fv2%2Fcomments&post=110"}],"version-history":[{"count":18,"href":"http:\/\/imkerei-kuehne.de\/index.php?rest_route=\/wp\/v2\/pages\/110\/revisions"}],"predecessor-version":[{"id":212,"href":"http:\/\/imkerei-kuehne.de\/index.php?rest_route=\/wp\/v2\/pages\/110\/revisions\/212"}],"wp:attachment":[{"href":"http:\/\/imkerei-kuehne.de\/index.php?rest_route=%2Fwp%2Fv2%2Fmedia&parent=110"}],"curies":[{"name":"wp","href":"https:\/\/api.w.org\/{rel}","templated":true}]}}